{"id":21209,"date":"2019-12-18T16:54:31","date_gmt":"2019-12-18T16:54:31","guid":{"rendered":"http:\/\/www.agriatv.hu\/?page_id=21209"},"modified":"2023-03-07T19:44:22","modified_gmt":"2023-03-07T19:44:22","slug":"elado","status":"publish","type":"page","link":"https:\/\/www.agriatv.hu\/?page_id=21209","title":{"rendered":"Elad\u00f3 fa- \u00e9s f\u00e9mipari g\u00e9pek, szersz\u00e1mok"},"content":{"rendered":"\n<p><strong>Elad\u00f3k az al\u00e1bbi fa- \u00e9s f\u00e9mipari g\u00e9pek, szersz\u00e1mok:<\/strong><\/p>\n\n\n\n<p>\u00c9rdekl\u0151dni a 20-9743-559 sz\u00e1mon lehet. A megh\u00edrdetett eszk\u00f6z\u00f6ket megbesz\u00e9l\u00e9s alapj\u00e1n Recsken lehet megtekinteni. A m\u00e9retekb\u0151l ad\u00f3d\u00f3an nem \u00e1ll m\u00f3dunkban a sz\u00e1ll\u00edt\u00e1st v\u00e9gezni.<\/p>\n\n\n\n<p>Kisk\u0151r\u00f6si 800-as szalagf\u0171r\u00e9sz: 450.000 Ft<\/p>\n\n\n\n<figure class=\"wp-block-gallery has-nested-images columns-default is-cropped wp-block-gallery-1 is-layout-flex wp-block-gallery-is-layout-flex\">\n<figure class=\"wp-block-image size-large\"><a href=\"https:\/\/www.agriatv.hu\/wp-content\/uploads\/2021\/04\/k3-scaled.jpg\"><img loading=\"lazy\" decoding=\"async\" width=\"768\" height=\"1024\" data-id=\"22852\" src=\"https:\/\/www.agriatv.hu\/wp-content\/uploads\/2021\/04\/k3-768x1024.jpg\" alt=\"\" class=\"wp-image-22852\" srcset=\"https:\/\/www.agriatv.hu\/wp-content\/uploads\/2021\/04\/k3-768x1024.jpg 768w, https:\/\/www.agriatv.hu\/wp-content\/uploads\/2021\/04\/k3-225x300.jpg 225w, https:\/\/www.agriatv.hu\/wp-content\/uploads\/2021\/04\/k3-1152x1536.jpg 1152w, https:\/\/www.agriatv.hu\/wp-content\/uploads\/2021\/04\/k3-1536x2048.jpg 1536w, https:\/\/www.agriatv.hu\/wp-content\/uploads\/2021\/04\/k3-scaled.jpg 1920w\" sizes=\"auto, (max-width: 768px) 100vw, 768px\" \/><\/a><\/figure>\n\n\n\n<figure class=\"wp-block-image size-large\"><a href=\"https:\/\/www.agriatv.hu\/wp-content\/uploads\/2021\/04\/k1-scaled.jpg\"><img loading=\"lazy\" decoding=\"async\" width=\"768\" height=\"1024\" data-id=\"22854\" src=\"https:\/\/www.agriatv.hu\/wp-content\/uploads\/2021\/04\/k1-768x1024.jpg\" alt=\"\" class=\"wp-image-22854\" srcset=\"https:\/\/www.agriatv.hu\/wp-content\/uploads\/2021\/04\/k1-768x1024.jpg 768w, https:\/\/www.agriatv.hu\/wp-content\/uploads\/2021\/04\/k1-225x300.jpg 225w, https:\/\/www.agriatv.hu\/wp-content\/uploads\/2021\/04\/k1-1152x1536.jpg 1152w, https:\/\/www.agriatv.hu\/wp-content\/uploads\/2021\/04\/k1-1536x2048.jpg 1536w, https:\/\/www.agriatv.hu\/wp-content\/uploads\/2021\/04\/k1-scaled.jpg 1920w\" sizes=\"auto, (max-width: 768px) 100vw, 768px\" \/><\/a><\/figure>\n<\/figure>\n\n\n\n<p>K\u00f6rf\u0171r\u00e9sz: 30.000Ft<\/p>\n\n\n\n<figure class=\"wp-block-gallery has-nested-images columns-default is-cropped wp-block-gallery-2 is-layout-flex wp-block-gallery-is-layout-flex\">\n<figure class=\"wp-block-image size-large\"><a href=\"https:\/\/www.agriatv.hu\/wp-content\/uploads\/2021\/04\/ko3-scaled.jpg\"><img loading=\"lazy\" decoding=\"async\" width=\"1024\" height=\"768\" data-id=\"22867\" src=\"https:\/\/www.agriatv.hu\/wp-content\/uploads\/2021\/04\/ko3-1024x768.jpg\" alt=\"\" class=\"wp-image-22867\" srcset=\"https:\/\/www.agriatv.hu\/wp-content\/uploads\/2021\/04\/ko3-1024x768.jpg 1024w, https:\/\/www.agriatv.hu\/wp-content\/uploads\/2021\/04\/ko3-300x225.jpg 300w, https:\/\/www.agriatv.hu\/wp-content\/uploads\/2021\/04\/ko3-768x576.jpg 768w, https:\/\/www.agriatv.hu\/wp-content\/uploads\/2021\/04\/ko3-1536x1152.jpg 1536w, https:\/\/www.agriatv.hu\/wp-content\/uploads\/2021\/04\/ko3-2048x1536.jpg 2048w\" sizes=\"auto, (max-width: 1024px) 100vw, 1024px\" \/><\/a><\/figure>\n\n\n\n<figure class=\"wp-block-image size-large\"><a href=\"https:\/\/www.agriatv.hu\/wp-content\/uploads\/2021\/04\/ko2-scaled.jpg\"><img loading=\"lazy\" decoding=\"async\" width=\"768\" height=\"1024\" data-id=\"22868\" src=\"https:\/\/www.agriatv.hu\/wp-content\/uploads\/2021\/04\/ko2-768x1024.jpg\" alt=\"\" class=\"wp-image-22868\" srcset=\"https:\/\/www.agriatv.hu\/wp-content\/uploads\/2021\/04\/ko2-768x1024.jpg 768w, https:\/\/www.agriatv.hu\/wp-content\/uploads\/2021\/04\/ko2-225x300.jpg 225w, https:\/\/www.agriatv.hu\/wp-content\/uploads\/2021\/04\/ko2-1152x1536.jpg 1152w, https:\/\/www.agriatv.hu\/wp-content\/uploads\/2021\/04\/ko2-1536x2048.jpg 1536w, https:\/\/www.agriatv.hu\/wp-content\/uploads\/2021\/04\/ko2-scaled.jpg 1920w\" sizes=\"auto, (max-width: 768px) 100vw, 768px\" \/><\/a><\/figure>\n\n\n\n<figure class=\"wp-block-image size-large\"><a href=\"https:\/\/www.agriatv.hu\/wp-content\/uploads\/2021\/04\/ko1-scaled.jpg\"><img loading=\"lazy\" decoding=\"async\" width=\"1024\" height=\"768\" data-id=\"22869\" src=\"https:\/\/www.agriatv.hu\/wp-content\/uploads\/2021\/04\/ko1-1024x768.jpg\" alt=\"\" class=\"wp-image-22869\" srcset=\"https:\/\/www.agriatv.hu\/wp-content\/uploads\/2021\/04\/ko1-1024x768.jpg 1024w, https:\/\/www.agriatv.hu\/wp-content\/uploads\/2021\/04\/ko1-300x225.jpg 300w, https:\/\/www.agriatv.hu\/wp-content\/uploads\/2021\/04\/ko1-768x576.jpg 768w, https:\/\/www.agriatv.hu\/wp-content\/uploads\/2021\/04\/ko1-1536x1152.jpg 1536w, https:\/\/www.agriatv.hu\/wp-content\/uploads\/2021\/04\/ko1-2048x1536.jpg 2048w\" sizes=\"auto, (max-width: 1024px) 100vw, 1024px\" \/><\/a><\/figure>\n<\/figure>\n\n\n\n<p>Lemezv\u00e1g\u00f3 asztal: 100.000Ft<\/p>\n\n\n\n<figure class=\"wp-block-gallery has-nested-images columns-default is-cropped wp-block-gallery-3 is-layout-flex wp-block-gallery-is-layout-flex\">\n<figure class=\"wp-block-image size-large\"><a href=\"https:\/\/www.agriatv.hu\/wp-content\/uploads\/2021\/04\/l4-scaled.jpg\"><img loading=\"lazy\" decoding=\"async\" width=\"1024\" height=\"768\" data-id=\"22875\" src=\"https:\/\/www.agriatv.hu\/wp-content\/uploads\/2021\/04\/l4-1024x768.jpg\" alt=\"\" class=\"wp-image-22875\" srcset=\"https:\/\/www.agriatv.hu\/wp-content\/uploads\/2021\/04\/l4-1024x768.jpg 1024w, https:\/\/www.agriatv.hu\/wp-content\/uploads\/2021\/04\/l4-300x225.jpg 300w, https:\/\/www.agriatv.hu\/wp-content\/uploads\/2021\/04\/l4-768x576.jpg 768w, https:\/\/www.agriatv.hu\/wp-content\/uploads\/2021\/04\/l4-1536x1152.jpg 1536w, https:\/\/www.agriatv.hu\/wp-content\/uploads\/2021\/04\/l4-2048x1536.jpg 2048w\" sizes=\"auto, (max-width: 1024px) 100vw, 1024px\" \/><\/a><\/figure>\n\n\n\n<figure class=\"wp-block-image size-large\"><a href=\"https:\/\/www.agriatv.hu\/wp-content\/uploads\/2021\/04\/l3-scaled.jpg\"><img loading=\"lazy\" decoding=\"async\" width=\"1024\" height=\"768\" data-id=\"22876\" src=\"https:\/\/www.agriatv.hu\/wp-content\/uploads\/2021\/04\/l3-1024x768.jpg\" alt=\"\" class=\"wp-image-22876\" srcset=\"https:\/\/www.agriatv.hu\/wp-content\/uploads\/2021\/04\/l3-1024x768.jpg 1024w, https:\/\/www.agriatv.hu\/wp-content\/uploads\/2021\/04\/l3-300x225.jpg 300w, https:\/\/www.agriatv.hu\/wp-content\/uploads\/2021\/04\/l3-768x576.jpg 768w, https:\/\/www.agriatv.hu\/wp-content\/uploads\/2021\/04\/l3-1536x1152.jpg 1536w, https:\/\/www.agriatv.hu\/wp-content\/uploads\/2021\/04\/l3-2048x1536.jpg 2048w\" sizes=\"auto, (max-width: 1024px) 100vw, 1024px\" \/><\/a><\/figure>\n\n\n\n<figure class=\"wp-block-image size-large\"><a href=\"https:\/\/www.agriatv.hu\/wp-content\/uploads\/2021\/04\/l2-scaled.jpg\"><img loading=\"lazy\" decoding=\"async\" width=\"1024\" height=\"768\" data-id=\"22877\" src=\"https:\/\/www.agriatv.hu\/wp-content\/uploads\/2021\/04\/l2-1024x768.jpg\" alt=\"\" class=\"wp-image-22877\" srcset=\"https:\/\/www.agriatv.hu\/wp-content\/uploads\/2021\/04\/l2-1024x768.jpg 1024w, https:\/\/www.agriatv.hu\/wp-content\/uploads\/2021\/04\/l2-300x225.jpg 300w, https:\/\/www.agriatv.hu\/wp-content\/uploads\/2021\/04\/l2-768x576.jpg 768w, https:\/\/www.agriatv.hu\/wp-content\/uploads\/2021\/04\/l2-1536x1152.jpg 1536w, https:\/\/www.agriatv.hu\/wp-content\/uploads\/2021\/04\/l2-2048x1536.jpg 2048w\" sizes=\"auto, (max-width: 1024px) 100vw, 1024px\" \/><\/a><\/figure>\n\n\n\n<figure class=\"wp-block-image size-large\"><a href=\"https:\/\/www.agriatv.hu\/wp-content\/uploads\/2021\/04\/l1-scaled.jpg\"><img loading=\"lazy\" decoding=\"async\" width=\"1024\" height=\"768\" data-id=\"22878\" src=\"https:\/\/www.agriatv.hu\/wp-content\/uploads\/2021\/04\/l1-1024x768.jpg\" alt=\"\" class=\"wp-image-22878\" srcset=\"https:\/\/www.agriatv.hu\/wp-content\/uploads\/2021\/04\/l1-1024x768.jpg 1024w, https:\/\/www.agriatv.hu\/wp-content\/uploads\/2021\/04\/l1-300x225.jpg 300w, https:\/\/www.agriatv.hu\/wp-content\/uploads\/2021\/04\/l1-768x576.jpg 768w, https:\/\/www.agriatv.hu\/wp-content\/uploads\/2021\/04\/l1-1536x1152.jpg 1536w, https:\/\/www.agriatv.hu\/wp-content\/uploads\/2021\/04\/l1-2048x1536.jpg 2048w\" sizes=\"auto, (max-width: 1024px) 100vw, 1024px\" \/><\/a><\/figure>\n<\/figure>\n\n\n\n<p>K\u00f6rf\u0171r\u00e9sz: 50.000Ft<\/p>\n\n\n\n<figure class=\"wp-block-gallery has-nested-images columns-default is-cropped wp-block-gallery-4 is-layout-flex wp-block-gallery-is-layout-flex\">\n<figure class=\"wp-block-image size-large\"><a href=\"https:\/\/www.agriatv.hu\/wp-content\/uploads\/2021\/04\/kr6-scaled.jpg\"><img loading=\"lazy\" decoding=\"async\" width=\"1024\" height=\"768\" data-id=\"22888\" src=\"https:\/\/www.agriatv.hu\/wp-content\/uploads\/2021\/04\/kr6-1024x768.jpg\" alt=\"\" class=\"wp-image-22888\" srcset=\"https:\/\/www.agriatv.hu\/wp-content\/uploads\/2021\/04\/kr6-1024x768.jpg 1024w, https:\/\/www.agriatv.hu\/wp-content\/uploads\/2021\/04\/kr6-300x225.jpg 300w, https:\/\/www.agriatv.hu\/wp-content\/uploads\/2021\/04\/kr6-768x576.jpg 768w, https:\/\/www.agriatv.hu\/wp-content\/uploads\/2021\/04\/kr6-1536x1152.jpg 1536w, https:\/\/www.agriatv.hu\/wp-content\/uploads\/2021\/04\/kr6-2048x1536.jpg 2048w\" sizes=\"auto, (max-width: 1024px) 100vw, 1024px\" \/><\/a><\/figure>\n\n\n\n<figure class=\"wp-block-image size-large\"><a href=\"https:\/\/www.agriatv.hu\/wp-content\/uploads\/2021\/04\/kr5-scaled.jpg\"><img loading=\"lazy\" decoding=\"async\" width=\"1024\" height=\"768\" data-id=\"22889\" src=\"https:\/\/www.agriatv.hu\/wp-content\/uploads\/2021\/04\/kr5-1024x768.jpg\" alt=\"\" class=\"wp-image-22889\" srcset=\"https:\/\/www.agriatv.hu\/wp-content\/uploads\/2021\/04\/kr5-1024x768.jpg 1024w, https:\/\/www.agriatv.hu\/wp-content\/uploads\/2021\/04\/kr5-300x225.jpg 300w, https:\/\/www.agriatv.hu\/wp-content\/uploads\/2021\/04\/kr5-768x576.jpg 768w, https:\/\/www.agriatv.hu\/wp-content\/uploads\/2021\/04\/kr5-1536x1152.jpg 1536w, https:\/\/www.agriatv.hu\/wp-content\/uploads\/2021\/04\/kr5-2048x1536.jpg 2048w\" sizes=\"auto, (max-width: 1024px) 100vw, 1024px\" \/><\/a><\/figure>\n\n\n\n<figure class=\"wp-block-image size-large\"><a href=\"https:\/\/www.agriatv.hu\/wp-content\/uploads\/2021\/04\/kr4-scaled.jpg\"><img loading=\"lazy\" decoding=\"async\" width=\"1024\" height=\"768\" data-id=\"22890\" src=\"https:\/\/www.agriatv.hu\/wp-content\/uploads\/2021\/04\/kr4-1024x768.jpg\" alt=\"\" class=\"wp-image-22890\" srcset=\"https:\/\/www.agriatv.hu\/wp-content\/uploads\/2021\/04\/kr4-1024x768.jpg 1024w, https:\/\/www.agriatv.hu\/wp-content\/uploads\/2021\/04\/kr4-300x225.jpg 300w, https:\/\/www.agriatv.hu\/wp-content\/uploads\/2021\/04\/kr4-768x576.jpg 768w, https:\/\/www.agriatv.hu\/wp-content\/uploads\/2021\/04\/kr4-1536x1152.jpg 1536w, https:\/\/www.agriatv.hu\/wp-content\/uploads\/2021\/04\/kr4-2048x1536.jpg 2048w\" sizes=\"auto, (max-width: 1024px) 100vw, 1024px\" \/><\/a><\/figure>\n\n\n\n<figure class=\"wp-block-image size-large\"><a href=\"https:\/\/www.agriatv.hu\/wp-content\/uploads\/2021\/04\/kr3-scaled.jpg\"><img loading=\"lazy\" decoding=\"async\" width=\"1024\" height=\"768\" data-id=\"22891\" src=\"https:\/\/www.agriatv.hu\/wp-content\/uploads\/2021\/04\/kr3-1024x768.jpg\" alt=\"\" class=\"wp-image-22891\" srcset=\"https:\/\/www.agriatv.hu\/wp-content\/uploads\/2021\/04\/kr3-1024x768.jpg 1024w, https:\/\/www.agriatv.hu\/wp-content\/uploads\/2021\/04\/kr3-300x225.jpg 300w, https:\/\/www.agriatv.hu\/wp-content\/uploads\/2021\/04\/kr3-768x576.jpg 768w, https:\/\/www.agriatv.hu\/wp-content\/uploads\/2021\/04\/kr3-1536x1152.jpg 1536w, https:\/\/www.agriatv.hu\/wp-content\/uploads\/2021\/04\/kr3-2048x1536.jpg 2048w\" sizes=\"auto, (max-width: 1024px) 100vw, 1024px\" \/><\/a><\/figure>\n\n\n\n<figure class=\"wp-block-image size-large\"><a href=\"https:\/\/www.agriatv.hu\/wp-content\/uploads\/2021\/04\/kr2-scaled.jpg\"><img loading=\"lazy\" decoding=\"async\" width=\"768\" height=\"1024\" data-id=\"22892\" src=\"https:\/\/www.agriatv.hu\/wp-content\/uploads\/2021\/04\/kr2-768x1024.jpg\" alt=\"\" class=\"wp-image-22892\" srcset=\"https:\/\/www.agriatv.hu\/wp-content\/uploads\/2021\/04\/kr2-768x1024.jpg 768w, https:\/\/www.agriatv.hu\/wp-content\/uploads\/2021\/04\/kr2-225x300.jpg 225w, https:\/\/www.agriatv.hu\/wp-content\/uploads\/2021\/04\/kr2-1152x1536.jpg 1152w, https:\/\/www.agriatv.hu\/wp-content\/uploads\/2021\/04\/kr2-1536x2048.jpg 1536w, https:\/\/www.agriatv.hu\/wp-content\/uploads\/2021\/04\/kr2-scaled.jpg 1920w\" sizes=\"auto, (max-width: 768px) 100vw, 768px\" \/><\/a><\/figure>\n\n\n\n<figure class=\"wp-block-image size-large\"><a href=\"https:\/\/www.agriatv.hu\/wp-content\/uploads\/2021\/04\/kr1-scaled.jpg\"><img loading=\"lazy\" decoding=\"async\" width=\"768\" height=\"1024\" data-id=\"22893\" src=\"https:\/\/www.agriatv.hu\/wp-content\/uploads\/2021\/04\/kr1-768x1024.jpg\" alt=\"\" class=\"wp-image-22893\" srcset=\"https:\/\/www.agriatv.hu\/wp-content\/uploads\/2021\/04\/kr1-768x1024.jpg 768w, https:\/\/www.agriatv.hu\/wp-content\/uploads\/2021\/04\/kr1-225x300.jpg 225w, https:\/\/www.agriatv.hu\/wp-content\/uploads\/2021\/04\/kr1-1152x1536.jpg 1152w, https:\/\/www.agriatv.hu\/wp-content\/uploads\/2021\/04\/kr1-1536x2048.jpg 1536w, https:\/\/www.agriatv.hu\/wp-content\/uploads\/2021\/04\/kr1-scaled.jpg 1920w\" sizes=\"auto, (max-width: 768px) 100vw, 768px\" \/><\/a><\/figure>\n<\/figure>\n\n\n\n<p>Raklapgy\u00e1rt\u00f3 asztal 2 db: 20.000Ft\/db<\/p>\n\n\n\n<figure class=\"wp-block-gallery has-nested-images columns-default is-cropped wp-block-gallery-5 is-layout-flex wp-block-gallery-is-layout-flex\">\n<figure class=\"wp-block-image size-large\"><a href=\"https:\/\/www.agriatv.hu\/wp-content\/uploads\/2021\/04\/r4-scaled.jpg\"><img loading=\"lazy\" decoding=\"async\" width=\"768\" height=\"1024\" data-id=\"22894\" src=\"https:\/\/www.agriatv.hu\/wp-content\/uploads\/2021\/04\/r4-768x1024.jpg\" alt=\"\" class=\"wp-image-22894\" srcset=\"https:\/\/www.agriatv.hu\/wp-content\/uploads\/2021\/04\/r4-768x1024.jpg 768w, https:\/\/www.agriatv.hu\/wp-content\/uploads\/2021\/04\/r4-225x300.jpg 225w, https:\/\/www.agriatv.hu\/wp-content\/uploads\/2021\/04\/r4-1152x1536.jpg 1152w, https:\/\/www.agriatv.hu\/wp-content\/uploads\/2021\/04\/r4-1536x2048.jpg 1536w, https:\/\/www.agriatv.hu\/wp-content\/uploads\/2021\/04\/r4-scaled.jpg 1920w\" sizes=\"auto, (max-width: 768px) 100vw, 768px\" \/><\/a><\/figure>\n\n\n\n<figure class=\"wp-block-image size-large\"><a href=\"https:\/\/www.agriatv.hu\/wp-content\/uploads\/2021\/04\/r3-scaled.jpg\"><img loading=\"lazy\" decoding=\"async\" width=\"768\" height=\"1024\" data-id=\"22895\" src=\"https:\/\/www.agriatv.hu\/wp-content\/uploads\/2021\/04\/r3-768x1024.jpg\" alt=\"\" class=\"wp-image-22895\" srcset=\"https:\/\/www.agriatv.hu\/wp-content\/uploads\/2021\/04\/r3-768x1024.jpg 768w, https:\/\/www.agriatv.hu\/wp-content\/uploads\/2021\/04\/r3-225x300.jpg 225w, https:\/\/www.agriatv.hu\/wp-content\/uploads\/2021\/04\/r3-1152x1536.jpg 1152w, https:\/\/www.agriatv.hu\/wp-content\/uploads\/2021\/04\/r3-1536x2048.jpg 1536w, https:\/\/www.agriatv.hu\/wp-content\/uploads\/2021\/04\/r3-scaled.jpg 1920w\" sizes=\"auto, (max-width: 768px) 100vw, 768px\" \/><\/a><\/figure>\n\n\n\n<figure class=\"wp-block-image size-large\"><a href=\"https:\/\/www.agriatv.hu\/wp-content\/uploads\/2021\/04\/r2-scaled.jpg\"><img loading=\"lazy\" decoding=\"async\" width=\"768\" height=\"1024\" data-id=\"22896\" src=\"https:\/\/www.agriatv.hu\/wp-content\/uploads\/2021\/04\/r2-768x1024.jpg\" alt=\"\" class=\"wp-image-22896\" srcset=\"https:\/\/www.agriatv.hu\/wp-content\/uploads\/2021\/04\/r2-768x1024.jpg 768w, https:\/\/www.agriatv.hu\/wp-content\/uploads\/2021\/04\/r2-225x300.jpg 225w, https:\/\/www.agriatv.hu\/wp-content\/uploads\/2021\/04\/r2-1152x1536.jpg 1152w, https:\/\/www.agriatv.hu\/wp-content\/uploads\/2021\/04\/r2-1536x2048.jpg 1536w, https:\/\/www.agriatv.hu\/wp-content\/uploads\/2021\/04\/r2-scaled.jpg 1920w\" sizes=\"auto, (max-width: 768px) 100vw, 768px\" \/><\/a><\/figure>\n\n\n\n<figure class=\"wp-block-image size-large\"><a href=\"https:\/\/www.agriatv.hu\/wp-content\/uploads\/2021\/04\/r1-scaled.jpg\"><img loading=\"lazy\" decoding=\"async\" width=\"768\" height=\"1024\" data-id=\"22897\" src=\"https:\/\/www.agriatv.hu\/wp-content\/uploads\/2021\/04\/r1-768x1024.jpg\" alt=\"\" class=\"wp-image-22897\" srcset=\"https:\/\/www.agriatv.hu\/wp-content\/uploads\/2021\/04\/r1-768x1024.jpg 768w, https:\/\/www.agriatv.hu\/wp-content\/uploads\/2021\/04\/r1-225x300.jpg 225w, https:\/\/www.agriatv.hu\/wp-content\/uploads\/2021\/04\/r1-1152x1536.jpg 1152w, https:\/\/www.agriatv.hu\/wp-content\/uploads\/2021\/04\/r1-1536x2048.jpg 1536w, https:\/\/www.agriatv.hu\/wp-content\/uploads\/2021\/04\/r1-scaled.jpg 1920w\" sizes=\"auto, (max-width: 768px) 100vw, 768px\" \/><\/a><\/figure>\n<\/figure>\n\n\n\n<p>Cs\u0151hajl\u00edt\u00f3: 50.000Ft<\/p>\n\n\n\n<p>Bet\u00e9tek n\u00e9lk\u00fcl <\/p>\n\n\n\n<figure class=\"wp-block-image size-large\"><a href=\"https:\/\/www.agriatv.hu\/wp-content\/uploads\/2021\/04\/cs1.jpg\"><img loading=\"lazy\" decoding=\"async\" width=\"756\" height=\"426\" src=\"https:\/\/www.agriatv.hu\/wp-content\/uploads\/2021\/04\/cs1.jpg\" alt=\"\" class=\"wp-image-22898\" srcset=\"https:\/\/www.agriatv.hu\/wp-content\/uploads\/2021\/04\/cs1.jpg 756w, https:\/\/www.agriatv.hu\/wp-content\/uploads\/2021\/04\/cs1-300x169.jpg 300w\" sizes=\"auto, (max-width: 756px) 100vw, 756px\" \/><\/a><\/figure>\n\n\n\n<p>K\u00f6rf\u0171r\u00e9sz lap: 3.000Ft<\/p>\n\n\n\n<figure class=\"wp-block-image size-large\"><a href=\"https:\/\/www.agriatv.hu\/wp-content\/uploads\/2021\/04\/kf1.jpg\"><img loading=\"lazy\" decoding=\"async\" width=\"756\" height=\"426\" src=\"https:\/\/www.agriatv.hu\/wp-content\/uploads\/2021\/04\/kf1.jpg\" alt=\"\" class=\"wp-image-22912\" srcset=\"https:\/\/www.agriatv.hu\/wp-content\/uploads\/2021\/04\/kf1.jpg 756w, https:\/\/www.agriatv.hu\/wp-content\/uploads\/2021\/04\/kf1-300x169.jpg 300w\" sizes=\"auto, (max-width: 756px) 100vw, 756px\" \/><\/a><\/figure>\n\n\n\n<p><\/p>\n","protected":false},"excerpt":{"rendered":"<p>Elad\u00f3k az al\u00e1bbi fa- \u00e9s f\u00e9mipari g\u00e9pek, szersz\u00e1mok:<\/p>\n<p>\u00c9rdekl\u0151dni a 20-9743-559 sz\u00e1mon lehet. A megh\u00edrdetett eszk\u00f6z\u00f6ket megbesz\u00e9l\u00e9s alapj\u00e1n Recsken lehet megtekinteni. A m\u00e9retekb\u0151l ad\u00f3d\u00f3an nem \u00e1ll m\u00f3dunkban a sz\u00e1ll\u00edt\u00e1st v\u00e9gezni.<\/p>\n<p>Kisk\u0151r\u00f6si 800-as szalagf\u0171r\u00e9sz: 450.000 Ft<\/p>\n<p>K\u00f6rf\u0171r\u00e9sz: 30.000Ft<\/p>\n<p>Lemezv\u00e1g\u00f3 asztal: 100.000Ft<\/p>\n<p>K\u00f6rf\u0171r\u00e9sz: 50.000Ft<\/p>\n<p>Raklapgy\u00e1rt\u00f3 asztal 2 db: 20.000Ft\/db<\/p>\n<p>Cs\u0151hajl\u00edt\u00f3: 50.000Ft<\/p>\n<p>Bet\u00e9tek n\u00e9lk\u00fcl <\/p>\n<p>K\u00f6rf\u0171r\u00e9sz lap: 3.000Ft<\/p>\n","protected":false},"author":4,"featured_media":0,"parent":0,"menu_order":6,"comment_status":"closed","ping_status":"closed","template":"","meta":{"footnotes":""},"class_list":["post-21209","page","type-page","status-publish","hentry"],"_links":{"self":[{"href":"https:\/\/www.agriatv.hu\/index.php?rest_route=\/wp\/v2\/pages\/21209","targetHints":{"allow":["GET"]}}],"collection":[{"href":"https:\/\/www.agriatv.hu\/index.php?rest_route=\/wp\/v2\/pages"}],"about":[{"href":"https:\/\/www.agriatv.hu\/index.php?rest_route=\/wp\/v2\/types\/page"}],"author":[{"embeddable":true,"href":"https:\/\/www.agriatv.hu\/index.php?rest_route=\/wp\/v2\/users\/4"}],"replies":[{"embeddable":true,"href":"https:\/\/www.agriatv.hu\/index.php?rest_route=%2Fwp%2Fv2%2Fcomments&post=21209"}],"version-history":[{"count":26,"href":"https:\/\/www.agriatv.hu\/index.php?rest_route=\/wp\/v2\/pages\/21209\/revisions"}],"predecessor-version":[{"id":24264,"href":"https:\/\/www.agriatv.hu\/index.php?rest_route=\/wp\/v2\/pages\/21209\/revisions\/24264"}],"wp:attachment":[{"href":"https:\/\/www.agriatv.hu\/index.php?rest_route=%2Fwp%2Fv2%2Fmedia&parent=21209"}],"curies":[{"name":"wp","href":"https:\/\/api.w.org\/{rel}","templated":true}]}}