{"id":345,"date":"2010-07-06T15:19:59","date_gmt":"2010-07-06T15:19:59","guid":{"rendered":"http:\/\/www.agriatv.hu\/?page_id=345"},"modified":"2014-01-31T22:58:03","modified_gmt":"2014-01-31T22:58:03","slug":"eger-5","status":"publish","type":"page","link":"https:\/\/www.agriatv.hu\/?page_id=345","title":{"rendered":"Eger"},"content":{"rendered":"<p><a href=\"https:\/\/www.agriatv.hu\/wp-content\/uploads\/2011\/08\/magyarzszl2.jpg\"><img loading=\"lazy\" decoding=\"async\" class=\"alignleft size-medium wp-image-5161\" title=\"magyarzszl2\" alt=\"\" src=\"https:\/\/www.agriatv.hu\/wp-content\/uploads\/2011\/08\/magyarzszl2-300x225.jpg\" width=\"83\" height=\"61\" srcset=\"https:\/\/www.agriatv.hu\/wp-content\/uploads\/2011\/08\/magyarzszl2-300x225.jpg 300w, https:\/\/www.agriatv.hu\/wp-content\/uploads\/2011\/08\/magyarzszl2.jpg 800w\" sizes=\"auto, (max-width: 83px) 100vw, 83px\" \/><\/a>Gy\u00f3gyul\u00e1s, relax\u00e1ci\u00f3 \u00e9s \u00e9lm\u00e9nyek k\u00f6zpontja Eger \u00e9s vonz\u00e1sk\u00f6rzete.<div class=\"wordtube\">\n<div class=\"wordtube single361\" id=\"WT1_1\" style=\"width:320px; height:240px;\">\n<a href=\"http:\/\/www.macromedia.com\/go\/getflashplayer\">Get the Flash Player<\/a> to see the wordTube Media Player.\n<\/div><\/div>\n\t<script type=\"text\/javascript\" defer=\"defer\">\nvar WT1_1 = {\n\tparams : {\n\t\twmode : \"opaque\",\n\t\tallowscriptaccess : \"always\",\n\t\tallownetworking : \"all\",\n\t\tallowfullscreen : \"true\"},\n\tflashvars : {\n\t\tfile : \"http%3A%2F%2Fwww.agriatv.hu%2Fwp-content%2Fuploads%2F2011%2F08%2FTihi_magyar.flv\",\n\t\tvolume : \"80\",\n\t\tbufferlength : \"5\",\n\t\tquality : \"false\",\n\t\t'logo.hide' : \"false\",\n\t\timage : \"http%3A%2F%2Fwww.agriatv.hu%2Fwp-content%2Fuploads%2F2011%2F08%2FSequence-m.jpg\",\n\t\ttitle : \"Tihi_magyar.flv\",\n\t\tlinktarget : \"_self\"},\n\tattr : {\n\t\tid : \"WT1\",\n\t\tname : \"WT1\"},\n\tstart : function() {\n\t\tswfobject.embedSWF(\"https:\/\/www.agriatv.hu\/\/player.swf\", \"WT1_1\", \"320\", \"240\", \"9.0.0\", false, this.flashvars, this.params , this.attr );\n\t}\n}\nWT1_1.start();\n\t<\/script>\n<\/p>\n<p>&nbsp;<\/p>\n<p><a href=\"https:\/\/www.agriatv.hu\/wp-content\/uploads\/2011\/08\/angol_zaszlo.png\"><img loading=\"lazy\" decoding=\"async\" class=\"alignleft size-medium wp-image-5160\" title=\"angol_zaszlo\" alt=\"\" src=\"https:\/\/www.agriatv.hu\/wp-content\/uploads\/2011\/08\/angol_zaszlo-300x178.png\" width=\"83\" height=\"48\" srcset=\"https:\/\/www.agriatv.hu\/wp-content\/uploads\/2011\/08\/angol_zaszlo-300x178.png 300w, https:\/\/www.agriatv.hu\/wp-content\/uploads\/2011\/08\/angol_zaszlo.png 357w\" sizes=\"auto, (max-width: 83px) 100vw, 83px\" \/><\/a>Eger and the Surrounding Region is the Center for Rest,<br \/>\nRecuperation and Fun<div class=\"wordtube\">\n<div class=\"wordtube single362\" id=\"WT2_2\" style=\"width:320px; height:240px;\">\n<a href=\"http:\/\/www.macromedia.com\/go\/getflashplayer\">Get the Flash Player<\/a> to see the wordTube Media Player.\n<\/div><\/div>\n\t<script type=\"text\/javascript\" defer=\"defer\">\nvar WT2_2 = {\n\tparams : {\n\t\twmode : \"opaque\",\n\t\tallowscriptaccess : \"always\",\n\t\tallownetworking : \"all\",\n\t\tallowfullscreen : \"true\"},\n\tflashvars : {\n\t\tfile : \"http%3A%2F%2Fwww.agriatv.hu%2Fwp-content%2Fuploads%2F2011%2F08%2FTihi_angol.flv\",\n\t\tvolume : \"80\",\n\t\tbufferlength : \"5\",\n\t\tquality : \"false\",\n\t\t'logo.hide' : \"false\",\n\t\timage : \"http%3A%2F%2Fwww.agriatv.hu%2Fwp-content%2Fuploads%2F2011%2F08%2FSequence-a.jpg\",\n\t\ttitle : \"Tihi_angol.flv\",\n\t\tlinktarget : \"_self\"},\n\tattr : {\n\t\tid : \"WT2\",\n\t\tname : \"WT2\"},\n\tstart : function() {\n\t\tswfobject.embedSWF(\"https:\/\/www.agriatv.hu\/\/player.swf\", \"WT2_2\", \"320\", \"240\", \"9.0.0\", false, this.flashvars, this.params , this.attr );\n\t}\n}\nWT2_2.start();\n\t<\/script>\n<\/p>\n<p><a href=\"https:\/\/www.agriatv.hu\/wp-content\/uploads\/2011\/08\/nemet-zaszlo-d0000D1D911a9103f7de6.jpg\"><img loading=\"lazy\" decoding=\"async\" class=\"alignleft size-medium wp-image-5162\" title=\"nemet-zaszlo-d0000D1D911a9103f7de6\" alt=\"\" src=\"https:\/\/www.agriatv.hu\/wp-content\/uploads\/2011\/08\/nemet-zaszlo-d0000D1D911a9103f7de6-300x189.jpg\" width=\"84\" height=\"52\" srcset=\"https:\/\/www.agriatv.hu\/wp-content\/uploads\/2011\/08\/nemet-zaszlo-d0000D1D911a9103f7de6-300x189.jpg 300w, https:\/\/www.agriatv.hu\/wp-content\/uploads\/2011\/08\/nemet-zaszlo-d0000D1D911a9103f7de6.jpg 720w\" sizes=\"auto, (max-width: 84px) 100vw, 84px\" \/><\/a>Eger und Umgebung &#8211; das Zentrum f\u00fcr Kuren, Relaxen und Erlebnisse<div class=\"wordtube\">\n<div class=\"wordtube single363\" id=\"WT3_3\" style=\"width:320px; height:240px;\">\n<a href=\"http:\/\/www.macromedia.com\/go\/getflashplayer\">Get the Flash Player<\/a> to see the wordTube Media Player.\n<\/div><\/div>\n\t<script type=\"text\/javascript\" defer=\"defer\">\nvar WT3_3 = {\n\tparams : {\n\t\twmode : \"opaque\",\n\t\tallowscriptaccess : \"always\",\n\t\tallownetworking : \"all\",\n\t\tallowfullscreen : \"true\"},\n\tflashvars : {\n\t\tfile : \"http%3A%2F%2Fwww.agriatv.hu%2Fwp-content%2Fuploads%2F2011%2F08%2FTihi_nemet.flv\",\n\t\tvolume : \"80\",\n\t\tbufferlength : \"5\",\n\t\tquality : \"false\",\n\t\t'logo.hide' : \"false\",\n\t\timage : \"http%3A%2F%2Fwww.agriatv.hu%2Fwp-content%2Fuploads%2F2011%2F08%2FSequence-n.jpg\",\n\t\ttitle : \"Tihi_nemet.flv\",\n\t\tlinktarget : \"_self\"},\n\tattr : {\n\t\tid : \"WT3\",\n\t\tname : \"WT3\"},\n\tstart : function() {\n\t\tswfobject.embedSWF(\"https:\/\/www.agriatv.hu\/\/player.swf\", \"WT3_3\", \"320\", \"240\", \"9.0.0\", false, this.flashvars, this.params , this.attr );\n\t}\n}\nWT3_3.start();\n\t<\/script>\n<\/p>\n<p>&nbsp;<\/p>\n<p><a href=\"https:\/\/www.agriatv.hu\/wp-content\/uploads\/2010\/07\/p4g03guw.bmp\"><img loading=\"lazy\" decoding=\"async\" class=\"alignleft size-full wp-image-5796\" title=\"p4g03guw\" alt=\"\" src=\"https:\/\/www.agriatv.hu\/wp-content\/uploads\/2010\/07\/p4g03guw.bmp\" width=\"83\" height=\"58\" \/><\/a>Centro de curaciones, relajamiento y aventuras: Eger y sus cercan\u00edas<div class=\"wordtube\">\n<div class=\"wordtube single426\" id=\"WT4_4\" style=\"width:320px; height:240px;\">\n<a href=\"http:\/\/www.macromedia.com\/go\/getflashplayer\">Get the Flash Player<\/a> to see the wordTube Media Player.\n<\/div><\/div>\n\t<script type=\"text\/javascript\" defer=\"defer\">\nvar WT4_4 = {\n\tparams : {\n\t\twmode : \"opaque\",\n\t\tallowscriptaccess : \"always\",\n\t\tallownetworking : \"all\",\n\t\tallowfullscreen : \"true\"},\n\tflashvars : {\n\t\tfile : \"http%3A%2F%2Fwww.agriatv.hu%2Fwp-content%2Fuploads%2F2011%2F11%2FTihi_spanyol.flv\",\n\t\tvolume : \"80\",\n\t\tbufferlength : \"5\",\n\t\tquality : \"false\",\n\t\t'logo.hide' : \"false\",\n\t\timage : \"http%3A%2F%2Fwww.agriatv.hu%2Fwp-content%2Fuploads%2F2011%2F11%2Fesp1.jpg\",\n\t\ttitle : \"Tihi_spanyol.flv\",\n\t\tlinktarget : \"_self\"},\n\tattr : {\n\t\tid : \"WT4\",\n\t\tname : \"WT4\"},\n\tstart : function() {\n\t\tswfobject.embedSWF(\"https:\/\/www.agriatv.hu\/\/player.swf\", \"WT4_4\", \"320\", \"240\", \"9.0.0\", false, this.flashvars, this.params , this.attr );\n\t}\n}\nWT4_4.start();\n\t<\/script>\n<\/p>\n<p>&nbsp;<\/p>\n<p><span class=\"rg_ctlv\"><a class=\"rg_hl\" id=\"rg_hl\" style=\"width: 259px; height: 194px;\" href=\"http:\/\/www.google.hu\/imgres?q=eger&amp;um=1&amp;hl=hu&amp;sa=N&amp;biw=1262&amp;bih=876&amp;tbm=isch&amp;tbnid=ftfuRgRBtkYjlM:&amp;imgrefurl=http:\/\/eger.innenindulj.hu\/blog\/&amp;docid=maymzawiQ5XR1M&amp;w=800&amp;h=600&amp;ei=B_FbTuO_NpP14QSU79SsBQ&amp;zoom=1&amp;iact=hc&amp;vpx=962&amp;vpy=142&amp;dur=3357&amp;hovh=194&amp;hovw=259&amp;tx=90&amp;ty=119&amp;page=1&amp;tbnh=164&amp;tbnw=229&amp;start=0&amp;ndsp=16&amp;ved=1t:429,r:3,s:0\"><img loading=\"lazy\" decoding=\"async\" class=\"rg_hi alignleft\" id=\"rg_hi\" alt=\"\" src=\"data:image\/jpg;base64,\/9j\/4AAQSkZJRgABAQAAAQABAAD\/2wCEAAkGBhQSEBUUEhQUFRQWFhcXFxcWFhwcFxgWGBQcFhUWGBcYHCceFxwjHBcXHy8gIycpLCwsFx4xNTAqNSYrLCkBCQoKDgwOGg8PGiwkHyQsLCwsKSwsLCwsLCwsKSwsLCwsKSwsLCwsLCwsLCwsLCwsKSwsLCwsLCwsLCwsLCwsLP\/AABEIAMIBAwMBIgACEQEDEQH\/xAAcAAAABwEBAAAAAAAAAAAAAAAAAQIDBAUGBwj\/xABMEAABAwIEAwUDCAUJCAEFAAABAgMRACEEBRIxQVFhBhMicYEykaEUI0JyscHR8AczUmKyFSRDU2OCkqLhNHOTs8LS0\/GDFiVEo+P\/xAAZAQADAQEBAAAAAAAAAAAAAAAAAQIDBAX\/xAArEQACAgICAQMEAQQDAAAAAAAAAQIRAyESMUEEE1EUIjJhgUKhwfAzcXL\/2gAMAwEAAhEDEQA\/ALEClgUQFLAr3DzQAUoCgBSwKACApQFAClRTAAFBQ+77aUBQ4j1P3ffSAMUcUYFHTAKKOhR0AChR0KACoUdCmAVCjoRSAKjo6KmAKFHQoATFCKVRUAJIpJFOEURFAxsikkU4RRRSAbIpJFOEUkikA0pNIIp4ppBFAxnTR0rTQqRgApYFEBSgKCQwKUBQFKApiABRgUcUcUAAChx6xRxVLgcas455pRMJAUkcChSUx8Z9Z51MpVQ0i7ijihSH3dKSrkJqrAXFHFIaTHGb\/AbUulGVqwaBRxQihFUAKFCjoAKKFHQigAqFHQoAFChR0AFQo4oqACoRSqKmAmKSRTkUmKQxBFJIpwikkUANEUkilYh4ISVKMAevuAuT0pGHd1oSrSUyJhQgjxGxHOpct0VxdcvAmjpdFTJEgUsCiApYFSIIClgUAKUBTAAFHFCKOKQAislnuYHC5i059B1sJXb9hR2PCyga10VnO3WSF\/Da0frGZcTtcfTBnoJ\/u1GVNx0VGr2aMGqDtRmcJ7lAlRKNZ\/ZSpYCTHG8HyB50XYDtEjFs92okPNIueCkggJPnw9KyPat51GZPyp1CE6AdB8JT3aTeZsd9qxl6hOGuy1B3s6XhmilCQTqIAkniY3p2q3s5JwjJUSSUJVJ3M3++rOK6IP7UZvsKhR0Iq7AFCjihQAUUKOozeOCnNASvYnUUkJsQIBO+\/wAKQ1FskUKOKrszefHhYQk2MrWqAOgAuT8KdhFW6LChR0KQgooUqhFMQVFSooooGFREUqhQMRFJIpwim32tSSnmCKTYJK9mcxuJxTrkMIATwcX7P90cfODyq5wbKktIDitSwPEoCJMm9SGWdKQnkAPcIoyLe\/7vxrKMWtt7Nck+cnXXj\/oaoUuKFXZmNilCmmHgodaeFTGakrQTi4txYYpQFEKUKokApVCKOgKCpjH4XvGnG5jWhSZ5akkT8akUKAONYjKcXlbjb2pAJUpKdKpCgIJChA8Jn4cLVre9w2JQHnUIDy7KQkr1DaDayuMak8risX2wzw4jGrMyhBKEcglJ4eZk0Mmx5T7RKhaxmPhvXlzSukde2tnYEY1CQ0EeJtSUpSsbBUDwGJAPrwNTa5V\/KunGNpbCUpdSAUyQLKJSbbqF4kV1JrEhRUBPhIB5XSFCOdlCuvBNtUzCcaHKOiijrpsgFFR0KLAI23rK5h2uIWe7CSE2vcqm0i9tvspfarPwmWUcR4z\/ANP41llu784sfMfhXFnztPjE68WFVykW2I7VPmQFafJI2pk566QZcWbcyLHiI435VVlZ\/O3+l4pSXDG\/2TE79a5Xlm\/J0KEV0joeTYkqaQFGToSZO58InzqwqkyUyw1w+bTHQxH4VcNOah9tdfpc\/NcX2jD1WDg+a6YujoUK7TjCoUdIddCUlSjAAknpSsBVCs9j+2jSANPjkEkTGmOB5Gq1Hbw60yAQqISOccFedYy9RBPs0WOTNnREVS5b2nQtoKc8KpMgSQAOPlVw06FJCkmQRIPOrjkjLpkuLQCKTH2\/cKWayH6RUnuW1JKgrvI8KiPCpBMQN7p+FE5cVY4q3RqooVx9LdvF3k\/XNCuX6tfBt7D+TpDTpBmrRl0KEisWrLH5J+UuJF4sDF5G3JNvj0qwRiHsO22UJcxCluKSoDcABJESNrnc\/fXH6bI8b43aZ2+qUcquqaNSBQUoAEkwBuTTD2LCEgmZOyfpHp\/rtUB1Rc\/WRH7H0R5\/tGu\/N6iGJb7+DzoYnIuBSFvpSQCQCqYB3Mb+6qRnGHDWMqZ+iZu30J4o68PKk4vF94oEgCJA8jE36wKyfrIcOS7+DbH6WU5V4LxrFoUYBE\/nbnTjmxvFjfl1rLGTEGPThy6U1nWfuM4ZwiVEpKU8SCoQCONt\/Spx+tT1JGuX0fFXFnLfksKQSQoLTqH+JSDPWUn4Vo0YdEAkJAG+wvbasyHPEkKmE6RB4AXIjzn31bIxQICFRpUCJ28jJ6\/ZWWjMk5thinENENrcVoBCEk2UgzwEkDf766z2IxjT+FCgSVrUpSgr2iVKhMXJIiEjnprD5YwX2cK624ErC0sukTIQ4C05JNvECB51qMdiGGHX2ClLTKWWXfmvm1gpU4oBKkkE3HHnVQtbRDNI+yUmDTcVncBmiWSAjEO4lDizKXQStIKRCkObHlpO9zaCau8dnLLLHfagpJBKCD7RAnTMWPnXXHMmtmXETicehtaEKUApZISOo58qiZ7m3cohMa1Dw9BxVXO80zFx9zvSkTcSkEao8rExy6Uziluuq1F1SVQAElIsAIgHkBA251jL1DdpGkIK7ZMWgkkyZJJknc8fM0nujMnaNwZtebCqbE4FwJJDzhjrF+NqoXiqbqJ9a5nE6ua+DZqdSj6Q9T8ajKzFsAStNp4zHu9KyrGFUswkSfzfyrRYbIBOwMRJ3AHE0ULmzedms7YWyhKXElQEFMwdzwJn8ir9pyDN44\/npWff\/RIy7h23WnClSm0KuPDJTe6ffsarsN2JzLDq8DpKIJ3CtuEKINYqoy5Rezo93lHhJG1w+ZIUkElKSeBUJF\/Oo6Mc4rSe7ARKQo6tioGE7b8axmIxrkBSXEa5EkIBHXwkkTxp\/LU4x7ALdGJVpS8AUna\/0hHG\/wAa7fqJVfRnD00OVNN9GuVjHEuuJWiAlaEpmQTqSNRm8wSRaonattIZK1qcCRAAbIFyfaOq21qPM8A+2yt04lx7Q0HdK0gzoXoWQd06QQrymuf5xnTuJSAVEgbeHe8wSNxYG\/wp\/UJprs58mHi1WisxCRHhUFaZm14BibcSPS1FhXwFcLEBO\/K55gXmgzhQNUmSqRwA9B+d6mMMFQGkKJAiQk7TNc3F+QJaMxJaIEb33iJEkTb16Vb5HmpSCUElUJtw3iOVh8apm8oc2La5+qd+W3nVpk2AUlRU54QR4Z3Ud7X4c6F9u0yq+TWfy+O7JI8fBImN4Enh51ku1GMU4ErI0+IAgKJBOnwquI\/a\/Jmr35P1SQU2uD53G16hZvlOoBBgaTJCYHhFt58O8Cx5AE2p5M8mqkPHiXLRlA7R1qmcC2EgR7ktx\/mQT6mhXJ7iOz2WShikf1iSOc32Hvqdh82SlsoCkySTJNh6enOqJKBJM3+t1\/3nlQWopBIP+bjbjrpKdO0avAmtlyHkbqcSSeMyegsLUbeKSVQDJ4dREk+lQcIzqSSTfY36fW50yXr72mx478DMiaT3tmfsrqJdFM+VVT+Svf8A490TcWOg8gDcp6C48qkYTMxsux4ngdvF0FwL7GsXj8ZiMPjH0ILuhS9RidOhVwSeAExe1jyqscbdM5ZuUOjVfyLiwoJ1t6iNQEiSBAJgmYuPfUfNcBjGGFvKSkoQJMRzA\/a6ilZEPlSQrD4lSHkpUghRkFIcKxK\/a+lygWsKhpzFbbzmEzNS+7cSUaiqQnUQUuJVcRKQJHIcq1WFrd\/2D6m1Xk5066VuKUd1KJMcyZP20nDYEurKUnaZKvvqxzTK+4eGiSmNQkyYG82Ao8kRqUTN1HyPOx4b\/CtjEuOxjSlF3DSQtQUI1RKgDp6TIsafwLzuIxD6Hx8874SDYg6rJBJMAA29BeoLrXd41otq0khNxzB3N5vAvQzjNFJfDrar2SVCPbQqeQ4xHlvT2SyTlvZ99gLdfaMMwSlSgASCOvUkHaRFS8y7UPk921KWrDSEJUCCdSTB432rW4PN0YrDS+lJ8KkLFhrTpKgehB2O9YPFYkIPiBgQB5gR5U4oSdhpSkuT3gRYkq0JQRA2ARa\/lNRcvx8rMATpuZJJ8Q3VM8aqcQ+VEnYGpOSe2q\/0T9o99KjSzQIPTz\/9U2vK2jJ0A9aQ24efDh\/pT6Veh4+vPpVCAzhEJMpQATtAj\/Wp6YSL9ItuDHxplFo9fs4fnjwp2RAO4iZ9Z9P9KVjOtZOf5q0m36pEeWkRERFUKu1pabSlQk6YJm8bD1gb9KuciP8ANWiLgto\/gFo8q55mGMI0yOQjeYG3tXG3urmW2ajeaLZWsuhvTqJnQbXAnZM7yfU1EYxxQjuxKUHSrRrcCCeNpAJ8x9GomY5kvQkqQQnVPEgX2lUxVSMwKrq4G1at0jPk09F83jpkL3AOnUokG4kElU3+6lhUiyUDhISjp0PH7arcI4tarHrE8AOAEExUgYhwlQSlJMgAEEztPGOFUmmKyWtQjUmVcLWFkzEBIHxoYLFE7k6rgCdiPrEbSbdaiP4J5KC8WyG0EBRgRKrAHhSMMD4iNUxJAG3ECxubTTbGaV3EAADSJNxcdYvJg7b0pCExBbbmLez0MGEWsfgeVR8Q44FNypULSTCSSqbghMnxGdulzRhsaYN5jw7i23eWAWq+w8PnWMpqJtjxuZJbxkpTYNyImEz00hNiJnxbX43pC3ZsZ0yTFzPAqMkmetIO+59f9aaVXJKbkehDGoBOOXNqFUeNwbpWShagm0AExt50KpJUQ8jvo0Q23PvP\/dSyoxEk+p6\/vUiTOxttY\/h+bU24qLwfQGT0FZnR0E\/iSy2tySYTJHOOpNrmsurEd6NTmIWm9kpSuBfoI+3zqJ2gzNxxWlSShII8BB8pMi5+FWuCaHydrmYn3iu7FBLcjz82S9RQzlWPWh9LZUXUEgJVpIUkmwJCvaHAgnb3VqMXiCGXEKEjSRF\/CDICuqZ4TbbbanwLQOLSFbFJ++puc4JRbHdE60K1IgWt4e7UIuCCQZPnUZOKnQLG5Qvyc\/yvN3cI6lbZ0rQrjtyKVDiCJBHWt85i2sxw5JUZ8Su7UNSmVGBLTm5QTu2Zm8Xislj8LhS0sr14fEJJlrTKSTJSlMCANrn8KhZDmBa1wowe7BG8guCbDeBW9nBKIePxZCQ0tIDrQcaUofSGoRPMjxCeIIosgcAUCoxEn0iT9k++tG72WOIViXjrJKfm0JQsqLgSNzpgiR5mTtTbf6OMSthKksOpemClWgIKSLEX1JPRQotC5IpsRideJSUEKEwABwB38yZNWmX9l1Yh5xptKyCQ4tVlBCd0qBsDOoiJ+ym8N2SxbK2h8kWHO8mSYSoAAwTMDiZB41scrwGPwTgVh1DuVGVMvLTDYVJMFJIABkAiD0osJS+AZfkTbMtF1esJKlBUbAEHaOXOst2yyFxh32Vlg2C9NgeKSrjwPCZra5+wtwuPqbKShhaIKknxqSSDKAAtEBUEiRO9MY3toqUoYJMAJUAFSSNypOkDYT7XGjZKlqzluJYv4QSIBMbX2insqQQ5cQCCBPoeNa7tlg0BtvFNN90pStLqU2SSU6kK07Am8xzB43zuFdCnFBJIBvET1Kum8e6lbRadk9CZgfGPf0qWYAi8\/cNotSssw4KhKgLG9+Am1rmTsL2qw7tKVFAUnWBYWlQJgz5AzFzb1puSui0V5ITsCL9eFOoXwTz5EjoI+\/rVh8jSOHxNKGGTyFMvgaLE9qU4bB4dMStbYttpAAkn8\/ZWUbd7wT8DP2VKDI5D3UcVChTsZIUtsZbim7d8st6AmdZGoa7xBTEyCedZLI8L3rriSdKggxABgyLweszWkUoATwqoynFhOKcUpJQhYgKUNN0xz5zV0hNXs6d2f7Eh3CNrQtIUAsQ42lQ1S4J1e0JJRIB2SecjD5rge7xq20p8KMRA8kqg2nY73rr3YY\/zJP1l\/wARrknbLMktY7ESDPfL08p1Te3wqUti1ey\/xuXpdyx1JUlAGIaVJ2HhUKyeCYAWUtK1kXUvZCU8SZsocha+01XYjGLdjUVG4MbC2xA59d+tPMZ7YtBpI0RJBIKrW1c4\/O9TN3tFx4p2y5lKZiZVbUqNSr+5A\/dHxoi+E+tqrP5RmJbTbbxG3xoKx8\/0Y\/xmuZ42+2dS9RFKkizW8N1bDlRgAxP\/ALFVqs0P9Xb6xj3USc2IEd3\/AJzSeNl\/URJqUBQkEXvQqv8A5VP9WP8AF\/pRUvbfyH1EPhlyB0\/y+n7FNlZ1Dw28vj7HnUM5w1z\/AMh\/8dJGbtSLn\/hnz\/q+lJRflGsskWtMn5rlyXGyNCVmLGDIJ2IOgGsn3DrZCSFAAEDwmAYteL1qFZ6zG5no0r\/x1FObt81f8M\/+OhX1RMpQu7B2bwLhWSsEAWuDG1xdJ6++rnFvAEjQqOJjYRv7FVQztsCBP\/BPv9imsRnKdkhR693\/APzvRxbe0DyRS0zP9ultFYie9IE3MBEWBSUi9+HKqDJ0q7wFBM7CN\/EI++pWNQHMQdaiJX4l6dkn2SExO0e8VMxGDbS9pYlCfCJVMzxO0kyRYCu2CqkeZllyuRvMox3cYVCCVbqBTEbK2k9SNtq0ODzpaxpulQvACgnkDqBmIrmOa5g6FqSpalaYAUqfY0Aosb31TPWr7KM9CT41pEbqUZSTcXjbzt9laM4+JuMJmiwojvC4AopIcgqQqCdMgDUkxY1Q9t8wW7hlJbUlSSU6gkyrUkggAROqCDB4GizXFFtwqbOv5tGoWmQoTB4kBSiDffjxRhylaVJU22Rq1zMFRgNocBkBJiDwM3qf2JRplZ2YQ240FYglLqG+64hzSkwhXiGkkAlMn9gDhaMc2HdJSAtteoheuNQCQJUI35CKnYNnF94NTS3E7OhSyDBvBEyrfhwpvtV2OcCe\/ZQQ2EfONi5QomD3YAlQjr8Nkma66Ii8WrENuoIhKm1EdFpKFouYkhKEjyJrP4RlKDMnUZA5EcLj370ruXUNhyXA2r2tMwJtpWRsdhBsYG9NtvRpTsLQoixvyiJqJv4K6LrAAlYSnSCUmATEzeZjpwjflQYwHd4sKcJK1AmQmBOxn0AP96o7izpBBum9lRuL29TvyqS1mKgttokEDYkQojRIBMXjzisoSbdlxLuaKaQVURXXUb0LJpC3ABem1ux+FRVHiePL7qmU0iowsewzpUu4tuB+fSmsenWIFiLpPGfzalpWEg+XKm9d9uPI\/ZXNduzoqlRrOw\/bZeHaLRSFJCj4DIIJ3CFXtxAI42rNdpGy9jHHUA6VuFam176SqTB+77Kj94UHWkE8FDmnc+o3Hrzq5bcStIJuCAQZF52O9ac2Z+0mzNZo2hDg7kwkpBiTYyQRBunhaojTcrUeNvsqxz9qHRHFPrYmp3ZBpBcd1hJASj2gLXI47U2\/NGLjuinDPn76PuvzNdFThEDZCR\/dH4U4GRwSPQCs\/c\/QcTmvc0XyfzrpvdRwj0oimjn+g4HMjhTyPxoV0qjpc\/0PiYFOHM04MLWwyPsigiHFKJCUHw2Hi1SLgztTuP7Fs6xBcFhxHXmKxWW5cbI4tmMbwcmKccy0W8RuYrb5P2Pw+ohSVK8SRJVtKCTtHKs\/isfhu8SlOCXKXb\/PA6gkKSRt4ZMGa6cUnK9XRElXZUDLAlPtqURzP4UQY61omsywbiO8GGLSEmCpeoAmAQjvFaUtruLGZB92SzTOMOSsNAoKAYI8aVmTEncbRItKh0qnCUnrRHNLRR9rMuhxCxssaSeouD7j8KU8plSkDXcnVr4kqFgeUGPj5VoMuw\/y9KEuNJaYQCVOa51LCSkAaoi5mADRZr+jxoCWnQDyWbHlGkW57VcLSpkuSbM\/nmBW25quUrPhUq0kggoJ2BEEeaBwNQ8K6oSChV5BB1causNh3QhTDhZdbm4UpVuCSmBII4E\/ZScN2ZSk+JLhQNytaAgeYSrUoe7yqrDomZLiAtK9lK8IvtGrUs9LfaKfez5tKtCFlSQAAbx4RaxEyL39KdyzJ29adLzGgglSQHURbfVck7W2ttUrH9lcOuO7eZSZJJIuSbpAtItQ2RotXsERoSlYCoSFHVMpDpUk6vqqHwqy7KZsdSpXchNoOnVOkxx5X5RTWWZS0NCe8RsGydVitMEwFbHaw51psHk7KQSkoCucjeZj3zUWDaMd2vy1GJ7ta\/2SIQdMqSq+oRfce7pWfV2XZ2KVW+iVGK6DmmVL7sqHiUgyIv4Tv1UQYNZpbfoQZ8+e9YzbTPR9PCModIpTkjIsU7clHh1FBzCtJKSNyfDc7xeATymrtX551msS6r5T4xxhJ5JuQB0+80se2a5IRgui0moGa5kGUgxMmIBAO296WrME69AMq4gcPObVGzHHIQJX6CJJNpgE2rocqMUr2Vqu0Z37ok\/W+4UQz5zcM+8n7k0aO07cgJQoSenE771bk7fnes3rtFR26TKdeb4g7NAT+6o038txJMBIHTRy8zVu9iQgalbD87VS4ntQpBshOwMyeNxNqFvpBOo9tjkYxU3j0SKsslw7wlHekLI1AFOpPUC4gjpzFFluOU43qUAJnb1jc\/maeJIIUJ1JMp8+R6EW9aTfgcYpqxnNQ5rT3hSTBgpmInqLVM7OYkIL6iYAZB57KprPMQlzunE21JVI4ggiQRzpvKm9QfTIEsHfay070+0Yy1I6CpdpHmPtFY3tb2pxreKfbad7tttUJCUJmNAVckTxrVYd0KYSQZBbBnn4d6wfb0qGPfiIJSfe0mjEhZBeV9t8cHGdb2tC3G0qC0J2UoA3AnjXScYIWrzribLi9TRJ8IcbtH7wi9dsxx+cV+eFLKhQIxNCioVhZqW+TC6vqNfYqncefEPIfaaRk\/0vqtfwE\/fTmO9r0++uXH\/yMEHkx+cP+8T\/AMomuSYvvlvLOpEBxzTY+1JjVe9jXU8HjUtKKlkAd5x6Mc+FcoxLnzxUkmCVm31gfvrvwSSvfkiUbHHMxUrDKw6wlSVOh4mIVrSkJEQYiBy4mm8LhGTo1pJKlpESYgqAMgb2t6005vNFhiS81y7xv+MV3tKrOKTdnTmMjYSkpQ2lKZ9kC0+XOkPZc3Y6Ekj92SOt6snHQDH3UwvFAbkA3+G5rAtorlZU1I+bQCf3B58qdZy9HBCdzskb+6lfLkah4k8Lz+0DpHrwFPqzFqAStI81AbmAIJ3kEeYNOiUUGeJbEJaKUrm\/hEDzMWq0awqEoBEFUb6RvzisnnmISrFSlSCDAN97Gbpn31psRmndtAqSEpEAmZi2+1\/zNFA9bLrBMoCVFQSRCNwLEuoTI5G9WbDSQTIHPYVTLxwGHWoFJENH\/wDe2avFEGIO5A+2paET2GkEJkJrPdtcpw7OG71KUoVrSNVxYzIjatHh0bfnjVF+kxP\/ANvI\/tG\/vqGl5Nsc3F6OcKzluPbH2\/dVdmGNStbZSQYVeAdr9OoqoxuZhtak6JjjqA4TtpqQnFlJjQgHeVLAkHaLct6ftqGzq95z+1klwhIUoAlRMmJJJ4DyH53qjxeHWtUunRy\/ACavR3kwO4BNoLhN9to3qocycuLu83JP734VKZUqaqhjDZIlak6Vk6eliJnnWk02nbc7XIqFgMHoSQh5k2kwlSlGBf6XKp7GUPvez3ip\/ZwqiPeRFS7fbHGorSM3mi1LMqICQbCZ\/JqIHG12KOAEyZgWBHXyFafMezgDndvurCxA093ETtwjiKgs4Vls+FbwPMIRPvNX4I230WGDwXdoCU7DnvfjtanPKmi2iB85iTIBskHcTvtNR8QhIVAOJVEGyuYBgiDBvWfH5NFPwkN4pBCt\/CZN+f0rdYBoNCQ4BP6u52gJcSon4R60w4saohwEC+tU77cBFW\/ZtuXlDmy4Ps5Vp0jCW5GpylJGFSFEHwWj9nT4eN7Vlu2zWrGukREIv\/8AEkEfCtVlwnCN8JaSfegTvVV2gyxDjmtLcqUlMuaiDZPQxwPuqYtptoJJMwq8KrQki5BTYdDJ68K7NjT455gH4VjMs7JCxcGq03Urj9G29rXnfhWwxUeGBAKEwOAttUyk5dlUl0MzQqC7mSUqKVESD8OHDlFCsrFZpso+l9Vr\/lA\/fRZk+Em\/KlYHHNDVLre6Rv8AsoSD8QaefxzKo+fbHO9\/T8a5YxmpXxY+SMJm0vKUJ03Nr3IQOG55evWsmjLVlQATEgxBnYgmZPSrzttj+7cShCgsGTqQodN+II6\/+s4Mf4gbkEzuYBgTI\/N5rqUmvBpFRq9\/7\/A5i2VFPhNFl2FPfsypRHeNcf301Lc2osrT\/OGf981\/GmvVa+08t9nVzg0zMfbVbmXZRp5xKlSCEkApPXf3SOUHarugRf0rmRu0ZdPY7DhyyTEiUz4TAFiI53tfyqensfhgrVokyk+IyPCSRY+d6r+0Ha9rCqInW5aED7yNqZwH6SmyoJeaU2SEgE7avpDjG1h1ANVTIiWX\/wBEYUn9XwiJPAyOsyal5jkrSkR3aLC3hE++Ksm3AoBSTIIkGkYojTcj186QyFjsqa7hzwJFkTAA\/p2wdhyJq4wmCShAASAJNgOs1Dxih3LkkbI\/57dXWFgpEXqWJlZlGBOrvCfD9EX4zS+0uTpWy4FlRSXEKCQqNkHwpJBAk3E8aulNQnlcbcqqe2eMW1hFKbgK1oEqCSkAgyTqBECldLYor7jHYrsPgColxvE6iUye9TF0nUQAm8QBwJkEVNT2Uy5Q8bS16TCR3yriBpVACSLcOc1nk\/pBQ3YvhSuKktJA9IQLVWZ\/27fUodxi3NGlNkLKb6lTYRHD4UKak6pnTXwdDPZlgqJbwSB4jC3NVxokKJK5nXFo2mlNZIhsnQ1hERsU4cuKB0\/tKTpHinjewtXGX+0Ly3vFiHVDXxcURGvqeVaXH4n+YIKjwbufMVpUQTkzoyMa02RLzaYJJ1OMNiNUx3aFaoAERqFSmcwYbhbj8hAUqdQIM7yEJOqBzJ2FedcE786TwOr4prpuMeHyZd\/6I\/FFVSEm32VXb7Om38xUvDuKUjS2kxqSNSSEqsYtFquMjQPk7fkf4jXNHMT84o3gqn\/OD9xrpHZ\/Ej5O3cX1R1hZqVtgtIwmYJIcSJV9Hwgm8pEDgBxq1yTFupW2lEaVlGqZJPzYmTMCBfzFVOLUVuwkbFN55SPwrR9k9OhYcAlIQL\/VKaSq6G4tW2MZ60DiDMzCduUEX670rAYhDSrRqKSmZOq+8AEAW6SIoZ0yEveCLoT75UKzbOCdU5pA8U8Y0kDjcgcqjKn4LxuK7Vm4wOflDKG9LRCUJTPiEwI4LgelTUdqnwAE4dJAAA0oUbDa+qsbluHedSlSUEgWvxgkGDMcNvydLhezGLVJbFtJTIULkjYwOEzXPBy5UzfIsbWtfBJ\/+rXwrV8n9qBHdq3G0eLeJprEdrH1G+Hjh7Cx5ADVT47N4hlJSltakE6tQAsYMyIkDhM8qz+IS6lZdIg6yk2sAIiNU8OY4VbdeDmdLyWis9eN\/kx\/wL\/7qFM4XNXVIBAEGeI5kUKm\/wBDr9mzyzBaVOJ0tABf9QTYoSRdZMb7VYjDn9weTCPvFM4M+N32vbHL+qRU2fre\/wD1rglnyfI+KKrN+ziMQAXAFFNxDTYk8jAEjoazWM7ENDFsN30qQ+okBI20adk7SSIM\/jsMTmeghKUlaj9G9vPeKocc9iPlbfhQFdw8UiR7Mp1T4t7D41cJZG9sHowTqLbn30rJm\/5wxv8ArmuP9oKJ9dvSnsk\/2nD\/AO+b\/jFe8\/xOB\/kdcCdqqO0uPLLC1J9qIB5HnVyis12vYJbEXgm3pym\/DhbnWEezaXRlexWQt4nU88NaysxyHPbe5Puqd2r7PJRNhoIAmwv0G8\/gazvZ3tKMGtepKomwiygCR\/iBPlAqx7b9rRiAlllK4MnUQQSdoSOUTeqjpkl\/+jLFFeEIVcIVpBPKNo4QI99arG4ZKkQpKSLbjrVL+j7BpbwSAJ1EnXqEHVt6gbT0NaPEI8NZlETMGUnDOyBGhPD+1RV3leFCUgAAAcBVRmVsM9z0Jt\/8qKnYLMkEgJ3MG5\/90mQ3TLl5vw+o+2st+lCP5OXIBBcbG8bzFxWid1FN5B5mw35TWY\/SgknLVBP9Y17quDSkmyH2cZe7HrcZ71g6hKwUmypREwTY2I+NVjGWu6Z7tcQCISSCDEERvaus9isjQ7hyh2VkkFCBIHeJBKyNNrBQ3kXFYTM3HEvYtPetgsqShNyhakh3uz3aTtwKkwDsdpnSbjJ60dMdFI1glJUCoGxBgiNjVyvM1PNDDaUj2RqJ5bH4VPSyyv8A2nGFS9OlCRJFh4QpxyAkTawIE71Iy7PMLhlAhhhSoPjKi6oQDeQSE35Cb1irNeUQuzfYVlbg77FC3i0NtrJIG41KTJ8gk1vUKyrDoJ1JfXAELlRMbDREW6iqRhbLmFfe1JQ4fnUICSG06WtIFxFwbbHUR6xE\/pNYWy6heHb1rEJUG7EW1JMmRx99XVdkNtie0WPy3FJJ+TBp2ZLiFFIJmSVJSmCTUfKnsCkgOuPJQDbu4IBPmLelSmP0iZe3OrBNmVrUg9yiQlStaU+gUBUVjt4gNr1Mtq1lCmklsaR3eKW\/Cr7aVlNuECr5JLpEb+TUZJ+jzLcRLrLrrqQbjXETzASFDY+6h2ozDLcAgpQ0h16P1aVqtaQXVBR0j4nlxpnJ+2qWdS0NNgvp1wlISC4lKgEjTHFMR161nsx7as4tKXXEFx5Id8QSEJIUkhCVEHUU87giTBrGNO2aOT1FszOFzRb7qlrgExAAhKRJsBJtV\/kP+1NeTn8M1m8I0EQsBQCgLQDHiPXarnKsxaQ6hZUoadUjR+0nTwVTk\/tonpmj7MtxhwOTj3\/OVRdtcStGXam1uIUMSm7aikwWjaQbjao3ZrMEqaVHs966Z5SsqAj1pHbjFBOE0qUIU6khJHJBBVIN7KAjyPOs4upDfRhU55iSf9pxNv7ZX\/dVo1mxVhlpVqcWVatSlGwAjSoqMzsd+AmazingZ0m\/EeV5B+FBvF20wT0I48LC\/A7UpNszLJt5UXPP7aFVhxh+ioaeFjtw2oVPD9BZ3XBuHU7c\/rOf9kipSXDzPvo6FeMzqG8ru68TvqA9L1nM8dP8stiTHydVptdLk\/ZQoV14vzf\/AJ\/wRL8TneYOHSLnhx6VtP0WYRDj6taEr0tpUnUkHSrWIKZ2PUUKFe1l\/E449nVFtDVsNuXWl4fCoIIKEkGQZSDY7ihQrlZsQ3uzuG7wfzZjb+qR+FSHcgwwKSMOwD0aR+FChWa7M5E1jLGhENNjyQn8KkqwTcewj\/CPwoUK0KXQ4hlJ3A91PNYNCdkIHkkChQoGg+5SSZAO3DpTK8MgyClJBkEECCI4ijoVTKRxEPqQ54FKTC1kaSRBmJEbWqp7PpDjyluDWpSwFKX4lEF1KTJNzYkeRoUK2f4k\/wBRM\/TXhUIxSAhKUjvF2SAN22SdupJ9TXPUG58lf9VHQqCkdI7Omcpem\/hTv0bWR7oHurn2H\/o\/rq\/6aFCtcnga7Gcdsn+7\/AKsl\/q2vqK\/hFChWT6EjW4BI7hnpimo6TE++sVgVENWP9JHpyoUKjD3\/ITLrDrM7nb7hS8lWfFc0dCtfUdoWLovuy5jCYiLQ87Hvqj7cuEgSSYWqL7fNJ2oUKw\/qKfRndICZAvon1hN6hs+wPNX8BP23oUKaMwOJE7Dh9lChQpID\/\/Z\" width=\"82\" height=\"60\" data-height=\"194\" data-width=\"259\" \/><\/a><\/span>Eger<div class=\"wordtube\">\n<div class=\"wordtube single364\" id=\"WT5_5\" style=\"width:320px; height:240px;\">\n<a href=\"http:\/\/www.macromedia.com\/go\/getflashplayer\">Get the Flash Player<\/a> to see the wordTube Media Player.\n<\/div><\/div>\n\t<script type=\"text\/javascript\" defer=\"defer\">\nvar WT5_5 = {\n\tparams : {\n\t\twmode : \"opaque\",\n\t\tallowscriptaccess : \"always\",\n\t\tallownetworking : \"all\",\n\t\tallowfullscreen : \"true\"},\n\tflashvars : {\n\t\tfile : \"http%3A%2F%2Fwww.agriatv.hu%2Fwp-content%2Fuploads%2F2011%2F08%2FSequence-01.flv\",\n\t\tvolume : \"80\",\n\t\tbufferlength : \"5\",\n\t\tquality : \"false\",\n\t\t'logo.hide' : \"false\",\n\t\timage : \"http%3A%2F%2Fwww.agriatv.hu%2Fwp-content%2Fuploads%2F2011%2F08%2FSequence-01.Still001.jpg\",\n\t\ttitle : \"Sequence-01.flv\",\n\t\tlinktarget : \"_self\"},\n\tattr : {\n\t\tid : \"WT5\",\n\t\tname : \"WT5\"},\n\tstart : function() {\n\t\tswfobject.embedSWF(\"https:\/\/www.agriatv.hu\/\/player.swf\", \"WT5_5\", \"320\", \"240\", \"9.0.0\", false, this.flashvars, this.params , this.attr );\n\t}\n}\nWT5_5.start();\n\t<\/script>\n<\/p>\n<p>&nbsp;<\/p>\n<p>&nbsp;<\/p>\n","protected":false},"excerpt":{"rendered":"<p>Gy\u00f3gyul\u00e1s, relax\u00e1ci\u00f3 \u00e9s \u00e9lm\u00e9nyek k\u00f6zpontja Eger \u00e9s vonz\u00e1sk\u00f6rzete.<br \/>\n&nbsp;<br \/>\nEger and the Surrounding Region is the Center for Rest,<br \/>\nRecuperation and Fun<br \/>\nEger und Umgebung &#8211; das Zentrum f\u00fcr Kuren, Relaxen und Erlebnisse<br \/>\n&nbsp;<br \/>\nCentro de curaciones, relajamiento y aventuras: Eger y sus cercan\u00edas<br \/>\n&nbsp;<br \/>\nEger<br \/>\n&nbsp;<br \/>\n&nbsp;<\/p>\n","protected":false},"author":4,"featured_media":0,"parent":0,"menu_order":2,"comment_status":"closed","ping_status":"closed","template":"","meta":{"footnotes":""},"class_list":["post-345","page","type-page","status-publish","hentry"],"_links":{"self":[{"href":"https:\/\/www.agriatv.hu\/index.php?rest_route=\/wp\/v2\/pages\/345","targetHints":{"allow":["GET"]}}],"collection":[{"href":"https:\/\/www.agriatv.hu\/index.php?rest_route=\/wp\/v2\/pages"}],"about":[{"href":"https:\/\/www.agriatv.hu\/index.php?rest_route=\/wp\/v2\/types\/page"}],"author":[{"embeddable":true,"href":"https:\/\/www.agriatv.hu\/index.php?rest_route=\/wp\/v2\/users\/4"}],"replies":[{"embeddable":true,"href":"https:\/\/www.agriatv.hu\/index.php?rest_route=%2Fwp%2Fv2%2Fcomments&post=345"}],"version-history":[{"count":44,"href":"https:\/\/www.agriatv.hu\/index.php?rest_route=\/wp\/v2\/pages\/345\/revisions"}],"predecessor-version":[{"id":22724,"href":"https:\/\/www.agriatv.hu\/index.php?rest_route=\/wp\/v2\/pages\/345\/revisions\/22724"}],"wp:attachment":[{"href":"https:\/\/www.agriatv.hu\/index.php?rest_route=%2Fwp%2Fv2%2Fmedia&parent=345"}],"curies":[{"name":"wp","href":"https:\/\/api.w.org\/{rel}","templated":true}]}}