{"id":3639,"date":"2011-03-08T21:49:36","date_gmt":"2011-03-08T21:49:36","guid":{"rendered":"http:\/\/www.agriatv.hu\/?page_id=3639"},"modified":"2024-07-11T07:36:25","modified_gmt":"2024-07-11T07:36:25","slug":"magunkrol-2","status":"publish","type":"page","link":"https:\/\/www.agriatv.hu\/?page_id=3639","title":{"rendered":"Magunkr\u00f3l"},"content":{"rendered":"<p align=\"center\">Az Agria Tv M\u0171sorgy\u00e1rt\u00f3 \u00e9s Szolg\u00e1ltat\u00f3 Bet\u00e9ti T\u00e1rsas\u00e1g t\u00f6bb mint k\u00e9t \u00e9vtizedes tapasztalattal, professzion\u00e1lis technik\u00e1val k\u00e9sz\u00edti m\u0171sorait.<\/p>\n<p align=\"center\">Munkat\u00e1rsaink hivat\u00e1sos telev\u00edzi\u00f3sok, akik a legmodernebb Sony 4k \u00e9s full HD, valamint GoPro Hero 6 kamer\u00e1kkal, dr\u00f3nokkal dolgoznak.<\/p>\n<p align=\"center\">Folyamatos besz\u00e1ll\u00edt\u00f3i vagyunk valamennyi orsz\u00e1gos Tv csatorn\u00e1nak, mi k\u00e9sz\u00edtj\u00fck a TV2 T\u00e9nyek Heves \u00e9s N\u00f3gr\u00e1d megyei tud\u00f3s\u00edt\u00e1sait, napi kapcsolatban \u00e1llunk az RTL, ATV \u00e9s a H\u00edrtv szerkeszt\u0151s\u00e9geivel.<\/p>\n<p align=\"center\">Forgat\u00e1saink sor\u00e1n Bejrutt\u00f3l New Yorkig a vil\u00e1g sz\u00e1mos r\u00e9sz\u00e9r\u0151l k\u00e9sz\u00edtett\u00fcnk \u00e9s k\u00fcldt\u00fcnk anyagokat, ak\u00e1r kultur\u00e1lis esem\u00e9nyr\u0151l, aut\u00f3versenyr\u0151l, ak\u00e1r h\u00e1bor\u00fas cselekm\u00e9nyr\u0151l.<\/p>\n<p align=\"center\">Munk\u00e1nkat 2015-ben a Heves Megyei Katasztr\u00f3fav\u00e9delmi Igazgat\u00f3s\u00e1g Sajt\u00f3 n\u00edv\u00f3d\u00edjjal,<\/p>\n<p align=\"center\">2018-ban a Heves Megyei Rend\u0151rf\u0151kapit\u00e1nys\u00e1g Szent Gy\u00f6rgy eml\u00e9kplakettel ismerte el.<\/p>\n<p align=\"center\">T\u00e1rsas\u00e1gunk f\u0151 tev\u00e9kenys\u00e9ge telev\u00edzi\u00f3s m\u0171sorok k\u00e9sz\u00edt\u00e9se, rekl\u00e1m- \u00e9s referenciafilmek, utifilmek gy\u00e1rt\u00e1sa. Emellett c\u00e9ges rendezv\u00e9nyek, esem\u00e9nyek t\u00f6bbkamer\u00e1s r\u00f6gz\u00edt\u00e9s\u00e9t \u00e9s v\u00e1g\u00e1s\u00e1t, valamint p\u00e1ly\u00e1zati nyilv\u00e1noss\u00e1g biztos\u00edt\u00e1s\u00e1t is v\u00e1llaljuk.<\/p>\n<p align=\"center\">Seg\u00edt\u00fcnk \u00d6nnek kisebb st\u00fadi\u00f3k tervez\u00e9s\u00e9ben, berendez\u00e9sek beszerz\u00e9s\u00e9ben, illetve telev\u00edzi\u00f3s szakemberek k\u00e9pz\u00e9s\u00e9ben.<\/p>\n<p align=\"center\">H\u00edrt adunk \u00d6nr\u0151l, v\u00e1llalkoz\u00e1s\u00e1r\u00f3l, elk\u00e9sz\u00edtj\u00fck filmj\u00e9t, megrendezz\u00fck sajt\u00f3t\u00e1j\u00e9koztat\u00f3j\u00e1t&#8230;<\/p>\n<p align=\"center\">R\u00f6vid hat\u00e1rid\u0151, pontos, megb\u00edzhat\u00f3, diszkr\u00e9t munka!<\/p>\n<p style=\"text-align: center;\">Keressen benn\u00fcnket!<\/p>\n<p style=\"text-align: center;\">V\u00e1rjuk megrendel\u00e9s\u00e9t!<\/p>\n<p style=\"text-align: center;\"><a href=\"https:\/\/www.agriatv.hu\/wp-content\/uploads\/2011\/03\/magunk.jpg\"><img loading=\"lazy\" decoding=\"async\" class=\" wp-image-12147\" src=\"https:\/\/www.agriatv.hu\/wp-content\/uploads\/2011\/03\/magunk-251x300.jpg\" alt=\"magunk\" width=\"152\" height=\"181\" srcset=\"https:\/\/www.agriatv.hu\/wp-content\/uploads\/2011\/03\/magunk-251x300.jpg 251w, https:\/\/www.agriatv.hu\/wp-content\/uploads\/2011\/03\/magunk-857x1024.jpg 857w, https:\/\/www.agriatv.hu\/wp-content\/uploads\/2011\/03\/magunk.jpg 892w\" sizes=\"auto, (max-width: 152px) 100vw, 152px\" \/><\/a><\/p>\n<p style=\"text-align: center;\">L\u00e1di L\u00e1szl\u00f3<\/p>\n<p style=\"text-align: center;\">E-mail:<\/p>\n<p style=\"text-align: center;\">tv@agriatv.hu<\/p>\n<p style=\"text-align: center;\">Telefon: +36-20-9743-559<\/p>\n","protected":false},"excerpt":{"rendered":"<p>Az Agria Tv M\u0171sorgy\u00e1rt\u00f3 \u00e9s Szolg\u00e1ltat\u00f3 Bet\u00e9ti T\u00e1rsas\u00e1g t\u00f6bb mint k\u00e9t \u00e9vtizedes tapasztalattal, professzion\u00e1lis technik\u00e1val k\u00e9sz\u00edti m\u0171sorait.<br \/>\nMunkat\u00e1rsaink hivat\u00e1sos telev\u00edzi\u00f3sok, akik a legmodernebb Sony 4k \u00e9s full HD, valamint GoPro Hero 6 kamer\u00e1kkal, dr\u00f3nokkal dolgoznak.<br \/>\nFolyamatos besz\u00e1ll\u00edt\u00f3i vagyunk valamennyi orsz\u00e1gos Tv csatorn\u00e1nak, mi k\u00e9sz\u00edtj\u00fck a TV2 T\u00e9nyek Heves \u00e9s N\u00f3gr\u00e1d megyei tud\u00f3s\u00edt\u00e1sait, napi kapcsolatban \u00e1llunk az RTL, [&#8230;]<\/p>\n","protected":false},"author":4,"featured_media":0,"parent":0,"menu_order":4,"comment_status":"closed","ping_status":"closed","template":"","meta":{"footnotes":""},"class_list":["post-3639","page","type-page","status-publish","hentry"],"_links":{"self":[{"href":"https:\/\/www.agriatv.hu\/index.php?rest_route=\/wp\/v2\/pages\/3639","targetHints":{"allow":["GET"]}}],"collection":[{"href":"https:\/\/www.agriatv.hu\/index.php?rest_route=\/wp\/v2\/pages"}],"about":[{"href":"https:\/\/www.agriatv.hu\/index.php?rest_route=\/wp\/v2\/types\/page"}],"author":[{"embeddable":true,"href":"https:\/\/www.agriatv.hu\/index.php?rest_route=\/wp\/v2\/users\/4"}],"replies":[{"embeddable":true,"href":"https:\/\/www.agriatv.hu\/index.php?rest_route=%2Fwp%2Fv2%2Fcomments&post=3639"}],"version-history":[{"count":17,"href":"https:\/\/www.agriatv.hu\/index.php?rest_route=\/wp\/v2\/pages\/3639\/revisions"}],"predecessor-version":[{"id":25038,"href":"https:\/\/www.agriatv.hu\/index.php?rest_route=\/wp\/v2\/pages\/3639\/revisions\/25038"}],"wp:attachment":[{"href":"https:\/\/www.agriatv.hu\/index.php?rest_route=%2Fwp%2Fv2%2Fmedia&parent=3639"}],"curies":[{"name":"wp","href":"https:\/\/api.w.org\/{rel}","templated":true}]}}